{"id":2,"date":"2021-02-28T20:42:41","date_gmt":"2021-03-01T01:42:41","guid":{"rendered":"https:\/\/www.doctorcarlosgaravito.com\/?page_id=2"},"modified":"2023-02-15T10:56:27","modified_gmt":"2023-02-15T15:56:27","slug":"hiperhidrosis","status":"publish","type":"page","link":"https:\/\/www.doctorcarlosgaravito.com\/index.php\/hiperhidrosis\/","title":{"rendered":"Hiperhidrosis"},"content":{"rendered":"\t\t<div data-elementor-type=\"wp-page\" data-elementor-id=\"2\" class=\"elementor elementor-2\" data-elementor-settings=\"[]\">\n\t\t\t\t\t\t\t<div class=\"elementor-section-wrap\">\n\t\t\t\t\t\t\t<section class=\"elementor-section elementor-top-section elementor-element elementor-element-48e16d5 elementor-section-boxed elementor-section-height-default elementor-section-height-default\" data-id=\"48e16d5\" data-element_type=\"section\">\n\t\t\t\t\t\t<div class=\"elementor-container elementor-column-gap-default\">\n\t\t\t\t\t<div class=\"elementor-column elementor-col-66 elementor-top-column elementor-element elementor-element-56aacb6\" data-id=\"56aacb6\" data-element_type=\"column\">\n\t\t\t<div class=\"elementor-widget-wrap elementor-element-populated\">\n\t\t\t\t\t\t\t\t<div class=\"elementor-element elementor-element-339f930 elementor-widget elementor-widget-heading\" data-id=\"339f930\" data-element_type=\"widget\" data-widget_type=\"heading.default\">\n\t\t\t\t<div class=\"elementor-widget-container\">\n\t\t\t<h3 class=\"elementor-heading-title elementor-size-default\">La hiperhidrosis o sudor exagerado es una enfermedad frecuente que en muchas oportunidades no se diagnostica y por lo tanto no se trata adecuadamente.<\/h3>\t\t<\/div>\n\t\t\t\t<\/div>\n\t\t\t\t<div class=\"elementor-element elementor-element-be748a0 elementor-widget elementor-widget-text-editor\" data-id=\"be748a0\" data-element_type=\"widget\" data-widget_type=\"text-editor.default\">\n\t\t\t\t<div class=\"elementor-widget-container\">\n\t\t\t\t\t\t\t\t<p>Es muy importante estudiar a los pacientes con hiperhidrosis generalizada o localizada para definir si los s\u00edntomas son secundarios a otra enfermedad o si se trata de una hiperhidrosis primaria ya que esto define el tratamiento.<\/p><p><strong><u>El mejor tratamiento que existe<\/u><\/strong> para el manejo de la hiperhidrosis es la simpatectom\u00eda toracoscopia con una resoluci\u00f3n por encima del 90%. Se trata de una cirug\u00eda ambulatoria con incisiones menores a 1 cm y con una respuesta inmediata y permanente.<\/p><p>El sudor exagerado localizado o generalizado es una alteraci\u00f3n que limita de manera muy significativa las actividades diarias personales y laborales de quien las padece.<\/p>\t\t\t\t\t\t<\/div>\n\t\t\t\t<\/div>\n\t\t\t\t\t<\/div>\n\t\t<\/div>\n\t\t\t\t<div class=\"elementor-column elementor-col-33 elementor-top-column elementor-element elementor-element-d18a2b9\" data-id=\"d18a2b9\" data-element_type=\"column\">\n\t\t\t<div class=\"elementor-widget-wrap elementor-element-populated\">\n\t\t\t\t\t\t\t\t<div class=\"elementor-element elementor-element-b996045 elementor-widget elementor-widget-image\" data-id=\"b996045\" data-element_type=\"widget\" data-widget_type=\"image.default\">\n\t\t\t\t<div class=\"elementor-widget-container\">\n\t\t\t\t\t\t\t\t\t\t\t\t\t\t\t<img loading=\"lazy\" decoding=\"async\" width=\"768\" height=\"1024\" src=\"https:\/\/www.doctorcarlosgaravito.com\/wp-content\/uploads\/2021\/07\/WhatsApp-Image-2021-07-21-at-2.55.16-PM-4.jpeg\" class=\"attachment-large size-large\" alt=\"\" srcset=\"https:\/\/www.doctorcarlosgaravito.com\/wp-content\/uploads\/2021\/07\/WhatsApp-Image-2021-07-21-at-2.55.16-PM-4.jpeg 768w, https:\/\/www.doctorcarlosgaravito.com\/wp-content\/uploads\/2021\/07\/WhatsApp-Image-2021-07-21-at-2.55.16-PM-4-225x300.jpeg 225w, https:\/\/www.doctorcarlosgaravito.com\/wp-content\/uploads\/2021\/07\/WhatsApp-Image-2021-07-21-at-2.55.16-PM-4-600x800.jpeg 600w\" sizes=\"auto, (max-width: 768px) 100vw, 768px\" \/>\t\t\t\t\t\t\t\t\t\t\t\t\t\t\t<\/div>\n\t\t\t\t<\/div>\n\t\t\t\t\t<\/div>\n\t\t<\/div>\n\t\t\t\t\t\t\t<\/div>\n\t\t<\/section>\n\t\t\t\t<section class=\"elementor-section elementor-top-section elementor-element elementor-element-5c08d0c elementor-section-boxed elementor-section-height-default elementor-section-height-default\" data-id=\"5c08d0c\" data-element_type=\"section\">\n\t\t\t\t\t\t<div class=\"elementor-container elementor-column-gap-default\">\n\t\t\t\t\t<div class=\"elementor-column elementor-col-33 elementor-top-column elementor-element elementor-element-bd5549d\" data-id=\"bd5549d\" data-element_type=\"column\">\n\t\t\t<div class=\"elementor-widget-wrap elementor-element-populated\">\n\t\t\t\t\t\t\t\t<div class=\"elementor-element elementor-element-bebab37 elementor-aspect-ratio-916 elementor-widget elementor-widget-video\" data-id=\"bebab37\" data-element_type=\"widget\" data-settings=\"{&quot;video_type&quot;:&quot;hosted&quot;,&quot;aspect_ratio&quot;:&quot;916&quot;,&quot;controls&quot;:&quot;yes&quot;}\" data-widget_type=\"video.default\">\n\t\t\t\t<div class=\"elementor-widget-container\">\n\t\t\t\t\t<div class=\"e-hosted-video elementor-wrapper elementor-fit-aspect-ratio elementor-open-inline\">\n\t\t\t\t\t<video class=\"elementor-video\" src=\"https:\/\/www.doctorcarlosgaravito.com\/wp-content\/uploads\/2021\/06\/WhatsApp-Video-2021-06-18-at-8.46.33-AM.mp4\" controls=\"\" controlsList=\"nodownload\" poster=\"https:\/\/www.articcompany.com\/tests\/www.medicogaravito.com\/wp-content\/uploads\/2021\/06\/Foto3.png\"><\/video>\n\t\t\t\t<\/div>\n\t\t\t\t<\/div>\n\t\t\t\t<\/div>\n\t\t\t\t\t<\/div>\n\t\t<\/div>\n\t\t\t\t<div class=\"elementor-column elementor-col-66 elementor-top-column elementor-element elementor-element-ba2d7eb\" data-id=\"ba2d7eb\" data-element_type=\"column\">\n\t\t\t<div class=\"elementor-widget-wrap elementor-element-populated\">\n\t\t\t\t\t\t\t\t<div class=\"elementor-element elementor-element-35e1a54 elementor-widget elementor-widget-text-editor\" data-id=\"35e1a54\" data-element_type=\"widget\" data-widget_type=\"text-editor.default\">\n\t\t\t\t<div class=\"elementor-widget-container\">\n\t\t\t\t\t\t\t\t<blockquote><p><span style=\"font-size: 18pt;\">En mi trabajo no se puede ofrecer menos que compromiso, responsabilidad, y calidad.<\/span><\/p><\/blockquote>\t\t\t\t\t\t<\/div>\n\t\t\t\t<\/div>\n\t\t\t\t<div class=\"elementor-element elementor-element-3c210c7 elementor-widget elementor-widget-toggle\" data-id=\"3c210c7\" data-element_type=\"widget\" data-widget_type=\"toggle.default\">\n\t\t\t\t<div class=\"elementor-widget-container\">\n\t\t\t\t\t<div class=\"elementor-toggle\" role=\"tablist\">\n\t\t\t\t\t\t\t<div class=\"elementor-toggle-item\">\n\t\t\t\t\t<div id=\"elementor-tab-title-6301\" class=\"elementor-tab-title\" data-tab=\"1\" role=\"tab\" aria-controls=\"elementor-tab-content-6301\" aria-expanded=\"false\">\n\t\t\t\t\t\t\t\t\t\t\t\t<span class=\"elementor-toggle-icon elementor-toggle-icon-left\" aria-hidden=\"true\">\n\t\t\t\t\t\t\t\t\t\t\t\t\t\t\t<span class=\"elementor-toggle-icon-closed\"><i class=\"fas fa-caret-right\"><\/i><\/span>\n\t\t\t\t\t\t\t\t<span class=\"elementor-toggle-icon-opened\"><i class=\"elementor-toggle-icon-opened fas fa-caret-up\"><\/i><\/span>\n\t\t\t\t\t\t\t\t\t\t\t\t\t<\/span>\n\t\t\t\t\t\t\t\t\t\t\t\t<a href=\"\" class=\"elementor-toggle-title\">\u00bfQu\u00e9 es la Hiperhidrosis?<\/a>\n\t\t\t\t\t<\/div>\n\t\t\t\t\t<div id=\"elementor-tab-content-6301\" class=\"elementor-tab-content elementor-clearfix\" data-tab=\"1\" role=\"tabpanel\" aria-labelledby=\"elementor-tab-title-6301\"><p>La hiperhidrosis o sudor exagerado es una enfermedad frecuente que en muchas oportunidades no se diagnostica y por lo tanto no se trata Adecuadamente.<\/p><\/div>\n\t\t\t\t<\/div>\n\t\t\t\t\t\t\t<div class=\"elementor-toggle-item\">\n\t\t\t\t\t<div id=\"elementor-tab-title-6302\" class=\"elementor-tab-title\" data-tab=\"2\" role=\"tab\" aria-controls=\"elementor-tab-content-6302\" aria-expanded=\"false\">\n\t\t\t\t\t\t\t\t\t\t\t\t<span class=\"elementor-toggle-icon elementor-toggle-icon-left\" aria-hidden=\"true\">\n\t\t\t\t\t\t\t\t\t\t\t\t\t\t\t<span class=\"elementor-toggle-icon-closed\"><i class=\"fas fa-caret-right\"><\/i><\/span>\n\t\t\t\t\t\t\t\t<span class=\"elementor-toggle-icon-opened\"><i class=\"elementor-toggle-icon-opened fas fa-caret-up\"><\/i><\/span>\n\t\t\t\t\t\t\t\t\t\t\t\t\t<\/span>\n\t\t\t\t\t\t\t\t\t\t\t\t<a href=\"\" class=\"elementor-toggle-title\">Tratamientos<\/a>\n\t\t\t\t\t<\/div>\n\t\t\t\t\t<div id=\"elementor-tab-content-6302\" class=\"elementor-tab-content elementor-clearfix\" data-tab=\"2\" role=\"tabpanel\" aria-labelledby=\"elementor-tab-title-6302\"><ul><li>Simpatectom\u00eda tor\u00e1cica bilateral.<\/li><li>Resecci\u00f3n de gl\u00e1ndulas sudor\u00edparas<\/li><li>Iontoforesis<\/li><li>Toxina botul\u00ednica<\/li><li>Antitranspirantes<\/li><\/ul><p><strong>(Sin embargo, el procedimiento que ofrece mejores resultados, de manera inmediata y permanente en el tiempo, es la simpatectom\u00eda tor\u00e1cica bilateral)<\/strong><\/p><\/div>\n\t\t\t\t<\/div>\n\t\t\t\t\t\t\t<div class=\"elementor-toggle-item\">\n\t\t\t\t\t<div id=\"elementor-tab-title-6303\" class=\"elementor-tab-title\" data-tab=\"3\" role=\"tab\" aria-controls=\"elementor-tab-content-6303\" aria-expanded=\"false\">\n\t\t\t\t\t\t\t\t\t\t\t\t<span class=\"elementor-toggle-icon elementor-toggle-icon-left\" aria-hidden=\"true\">\n\t\t\t\t\t\t\t\t\t\t\t\t\t\t\t<span class=\"elementor-toggle-icon-closed\"><i class=\"fas fa-caret-right\"><\/i><\/span>\n\t\t\t\t\t\t\t\t<span class=\"elementor-toggle-icon-opened\"><i class=\"elementor-toggle-icon-opened fas fa-caret-up\"><\/i><\/span>\n\t\t\t\t\t\t\t\t\t\t\t\t\t<\/span>\n\t\t\t\t\t\t\t\t\t\t\t\t<a href=\"\" class=\"elementor-toggle-title\">Trayectoria<\/a>\n\t\t\t\t\t<\/div>\n\t\t\t\t\t<div id=\"elementor-tab-content-6303\" class=\"elementor-tab-content elementor-clearfix\" data-tab=\"3\" role=\"tabpanel\" aria-labelledby=\"elementor-tab-title-6303\"><p>Desde hace 15 a\u00f1os, cirujano de t\u00f3rax en la ciudad de Bucaramanga.<\/p><p>L\u00edder en el manejo de la patolog\u00eda tor\u00e1cica quir\u00fargica en el oriente colombiano, con actividad en las mejores instituciones p\u00fablicas y privadas de la regi\u00f3n.<\/p><p>Profesor de medicina y cirug\u00eda general de la universidad industrial de Santander.<\/p><p>Gran experiencia y excelentes resultados en el manejo de la hiperhidrosis sist\u00e9mica y localizada.<\/p><\/div>\n\t\t\t\t<\/div>\n\t\t\t\t\t\t\t\t<\/div>\n\t\t\t\t<\/div>\n\t\t\t\t<\/div>\n\t\t\t\t\t<\/div>\n\t\t<\/div>\n\t\t\t\t\t\t\t<\/div>\n\t\t<\/section>\n\t\t\t\t\t\t<\/div>\n\t\t\t\t\t<\/div>\n\t\t","protected":false},"excerpt":{"rendered":"<p>La hiperhidrosis o sudor exagerado es una enfermedad frecuente que en muchas oportunidades no se diagnostica y por lo tanto&#8230;<\/p>\n","protected":false},"author":1,"featured_media":0,"parent":0,"menu_order":0,"comment_status":"closed","ping_status":"open","template":"","meta":{"footnotes":""},"class_list":["post-2","page","type-page","status-publish","hentry"],"yoast_head":"<!-- This site is optimized with the Yoast SEO plugin v17.6 - https:\/\/yoast.com\/wordpress\/plugins\/seo\/ -->\n<title>Hiperhidrosis - M\u00e9dico Garavito Bogot\u00e1, Bucaramanga<\/title>\n<meta name=\"robots\" content=\"index, follow, max-snippet:-1, max-image-preview:large, max-video-preview:-1\" \/>\n<link rel=\"canonical\" href=\"https:\/\/www.doctorcarlosgaravito.com\/index.php\/hiperhidrosis\/\" \/>\n<meta property=\"og:locale\" content=\"es_ES\" \/>\n<meta property=\"og:type\" content=\"article\" \/>\n<meta property=\"og:title\" content=\"Hiperhidrosis - M\u00e9dico Garavito Bogot\u00e1, Bucaramanga\" \/>\n<meta property=\"og:description\" content=\"La hiperhidrosis o sudor exagerado es una enfermedad frecuente que en muchas oportunidades no se diagnostica y por lo tanto...\" \/>\n<meta property=\"og:url\" content=\"https:\/\/www.doctorcarlosgaravito.com\/index.php\/hiperhidrosis\/\" \/>\n<meta property=\"og:site_name\" content=\"M\u00e9dico Garavito\" \/>\n<meta property=\"article:modified_time\" content=\"2023-02-15T15:56:27+00:00\" \/>\n<meta property=\"og:image\" content=\"https:\/\/www.doctorcarlosgaravito.com\/wp-content\/uploads\/2021\/07\/WhatsApp-Image-2021-07-21-at-2.55.16-PM-4.jpeg\" \/>\n<meta name=\"twitter:card\" content=\"summary_large_image\" \/>\n<meta name=\"twitter:label1\" content=\"Tiempo estimado de lectura\" \/>\n\t<meta name=\"twitter:data1\" content=\"2 minutos\" \/>\n<script type=\"application\/ld+json\" class=\"yoast-schema-graph\">{\"@context\":\"https:\/\/schema.org\",\"@graph\":[{\"@type\":\"WebSite\",\"@id\":\"https:\/\/www.doctorcarlosgaravito.com\/#website\",\"url\":\"https:\/\/www.doctorcarlosgaravito.com\/\",\"name\":\"M\\u00e9dico Garavito\",\"description\":\"M\\u00e9dico Garavito\",\"potentialAction\":[{\"@type\":\"SearchAction\",\"target\":{\"@type\":\"EntryPoint\",\"urlTemplate\":\"https:\/\/www.doctorcarlosgaravito.com\/?s={search_term_string}\"},\"query-input\":\"required name=search_term_string\"}],\"inLanguage\":\"es-CO\"},{\"@type\":\"ImageObject\",\"@id\":\"https:\/\/www.doctorcarlosgaravito.com\/index.php\/hiperhidrosis\/#primaryimage\",\"inLanguage\":\"es-CO\",\"url\":\"https:\/\/www.doctorcarlosgaravito.com\/wp-content\/uploads\/2021\/07\/WhatsApp-Image-2021-07-21-at-2.55.16-PM-4.jpeg\",\"contentUrl\":\"https:\/\/www.doctorcarlosgaravito.com\/wp-content\/uploads\/2021\/07\/WhatsApp-Image-2021-07-21-at-2.55.16-PM-4.jpeg\",\"width\":768,\"height\":1024},{\"@type\":\"WebPage\",\"@id\":\"https:\/\/www.doctorcarlosgaravito.com\/index.php\/hiperhidrosis\/#webpage\",\"url\":\"https:\/\/www.doctorcarlosgaravito.com\/index.php\/hiperhidrosis\/\",\"name\":\"Hiperhidrosis - M\\u00e9dico Garavito Bogot\\u00e1, Bucaramanga\",\"isPartOf\":{\"@id\":\"https:\/\/www.doctorcarlosgaravito.com\/#website\"},\"primaryImageOfPage\":{\"@id\":\"https:\/\/www.doctorcarlosgaravito.com\/index.php\/hiperhidrosis\/#primaryimage\"},\"datePublished\":\"2021-03-01T01:42:41+00:00\",\"dateModified\":\"2023-02-15T15:56:27+00:00\",\"breadcrumb\":{\"@id\":\"https:\/\/www.doctorcarlosgaravito.com\/index.php\/hiperhidrosis\/#breadcrumb\"},\"inLanguage\":\"es-CO\",\"potentialAction\":[{\"@type\":\"ReadAction\",\"target\":[\"https:\/\/www.doctorcarlosgaravito.com\/index.php\/hiperhidrosis\/\"]}]},{\"@type\":\"BreadcrumbList\",\"@id\":\"https:\/\/www.doctorcarlosgaravito.com\/index.php\/hiperhidrosis\/#breadcrumb\",\"itemListElement\":[{\"@type\":\"ListItem\",\"position\":1,\"name\":\"Inicio\",\"item\":\"https:\/\/www.doctorcarlosgaravito.com\/\"},{\"@type\":\"ListItem\",\"position\":2,\"name\":\"Hiperhidrosis\"}]}]}<\/script>\n<!-- \/ Yoast SEO plugin. -->","yoast_head_json":{"title":"Hiperhidrosis - M\u00e9dico Garavito Bogot\u00e1, Bucaramanga","robots":{"index":"index","follow":"follow","max-snippet":"max-snippet:-1","max-image-preview":"max-image-preview:large","max-video-preview":"max-video-preview:-1"},"canonical":"https:\/\/www.doctorcarlosgaravito.com\/index.php\/hiperhidrosis\/","og_locale":"es_ES","og_type":"article","og_title":"Hiperhidrosis - M\u00e9dico Garavito Bogot\u00e1, Bucaramanga","og_description":"La hiperhidrosis o sudor exagerado es una enfermedad frecuente que en muchas oportunidades no se diagnostica y por lo tanto...","og_url":"https:\/\/www.doctorcarlosgaravito.com\/index.php\/hiperhidrosis\/","og_site_name":"M\u00e9dico Garavito","article_modified_time":"2023-02-15T15:56:27+00:00","og_image":[{"url":"https:\/\/www.doctorcarlosgaravito.com\/wp-content\/uploads\/2021\/07\/WhatsApp-Image-2021-07-21-at-2.55.16-PM-4.jpeg"}],"twitter_card":"summary_large_image","twitter_misc":{"Tiempo estimado de lectura":"2 minutos"},"schema":{"@context":"https:\/\/schema.org","@graph":[{"@type":"WebSite","@id":"https:\/\/www.doctorcarlosgaravito.com\/#website","url":"https:\/\/www.doctorcarlosgaravito.com\/","name":"M\u00e9dico Garavito","description":"M\u00e9dico Garavito","potentialAction":[{"@type":"SearchAction","target":{"@type":"EntryPoint","urlTemplate":"https:\/\/www.doctorcarlosgaravito.com\/?s={search_term_string}"},"query-input":"required name=search_term_string"}],"inLanguage":"es-CO"},{"@type":"ImageObject","@id":"https:\/\/www.doctorcarlosgaravito.com\/index.php\/hiperhidrosis\/#primaryimage","inLanguage":"es-CO","url":"https:\/\/www.doctorcarlosgaravito.com\/wp-content\/uploads\/2021\/07\/WhatsApp-Image-2021-07-21-at-2.55.16-PM-4.jpeg","contentUrl":"https:\/\/www.doctorcarlosgaravito.com\/wp-content\/uploads\/2021\/07\/WhatsApp-Image-2021-07-21-at-2.55.16-PM-4.jpeg","width":768,"height":1024},{"@type":"WebPage","@id":"https:\/\/www.doctorcarlosgaravito.com\/index.php\/hiperhidrosis\/#webpage","url":"https:\/\/www.doctorcarlosgaravito.com\/index.php\/hiperhidrosis\/","name":"Hiperhidrosis - M\u00e9dico Garavito Bogot\u00e1, Bucaramanga","isPartOf":{"@id":"https:\/\/www.doctorcarlosgaravito.com\/#website"},"primaryImageOfPage":{"@id":"https:\/\/www.doctorcarlosgaravito.com\/index.php\/hiperhidrosis\/#primaryimage"},"datePublished":"2021-03-01T01:42:41+00:00","dateModified":"2023-02-15T15:56:27+00:00","breadcrumb":{"@id":"https:\/\/www.doctorcarlosgaravito.com\/index.php\/hiperhidrosis\/#breadcrumb"},"inLanguage":"es-CO","potentialAction":[{"@type":"ReadAction","target":["https:\/\/www.doctorcarlosgaravito.com\/index.php\/hiperhidrosis\/"]}]},{"@type":"BreadcrumbList","@id":"https:\/\/www.doctorcarlosgaravito.com\/index.php\/hiperhidrosis\/#breadcrumb","itemListElement":[{"@type":"ListItem","position":1,"name":"Inicio","item":"https:\/\/www.doctorcarlosgaravito.com\/"},{"@type":"ListItem","position":2,"name":"Hiperhidrosis"}]}]}},"_links":{"self":[{"href":"https:\/\/www.doctorcarlosgaravito.com\/index.php\/wp-json\/wp\/v2\/pages\/2","targetHints":{"allow":["GET"]}}],"collection":[{"href":"https:\/\/www.doctorcarlosgaravito.com\/index.php\/wp-json\/wp\/v2\/pages"}],"about":[{"href":"https:\/\/www.doctorcarlosgaravito.com\/index.php\/wp-json\/wp\/v2\/types\/page"}],"author":[{"embeddable":true,"href":"https:\/\/www.doctorcarlosgaravito.com\/index.php\/wp-json\/wp\/v2\/users\/1"}],"replies":[{"embeddable":true,"href":"https:\/\/www.doctorcarlosgaravito.com\/index.php\/wp-json\/wp\/v2\/comments?post=2"}],"version-history":[{"count":53,"href":"https:\/\/www.doctorcarlosgaravito.com\/index.php\/wp-json\/wp\/v2\/pages\/2\/revisions"}],"predecessor-version":[{"id":5211,"href":"https:\/\/www.doctorcarlosgaravito.com\/index.php\/wp-json\/wp\/v2\/pages\/2\/revisions\/5211"}],"wp:attachment":[{"href":"https:\/\/www.doctorcarlosgaravito.com\/index.php\/wp-json\/wp\/v2\/media?parent=2"}],"curies":[{"name":"wp","href":"https:\/\/api.w.org\/{rel}","templated":true}]}}